{"id":25,"date":"2018-06-19T06:36:13","date_gmt":"2018-06-19T06:36:13","guid":{"rendered":"http:\/\/schpace.com\/?page_id=25"},"modified":"2018-06-19T06:49:39","modified_gmt":"2018-06-19T06:49:39","slug":"home","status":"publish","type":"page","link":"https:\/\/schpace.com\/","title":{"rendered":"Home"},"content":{"rendered":"<p>Herzlich Willkommen bei schpace &#8211; Ihr Experte rund um Raumfahrt und Weltraum!<\/p>\n<p>Schlutz Space Consulting bietet Ihnen Beratung und Dienstleistungen\u00a0zu allen Aspekten der Raumfahrt. Dr. J\u00fcrgen Schlutz ist promovierter Raumfahrtingenieur und bereits seit \u00fcber 15 Jahren in der Raumfahrt aktiv. Er hat\u00a0von Satellitenprojekten und Experimenten auf H\u00f6henforschungsraketen \u00fcber Projektbegleitung und internationale Arbeitsgruppen bis hin zu Strategieentwicklung und entsprechende technische und programmatische Studien bereits umfangreiche Erfahrung gesammelt.\u00a0Dar\u00fcberhinaus\u00a0kann er Raumfahrtinhalte einfach und nachhaltig vermitteln, was er als Gespr\u00e4chspartner in Funk und Fernsehen sowie als\u00a0Redner und Dozent vielfach unter Beweis gestellt hat.<\/p>\n<p>Einen ausf\u00fchrlichen \u00dcberblick\u00a0\u00fcber\u00a0J\u00fcrgens Aktivit\u00e4ten\u00a0finden Sie im\u00a0<a href=\"https:\/\/www.linkedin.com\/in\/juergen-schlutz\/\" target=\"_blank\" rel=\"noopener\">LinkedIn-Profil von J\u00fcrgen Schlutz<\/a>.<\/p>\n<p>Als aktuelles Projekt f\u00fchrt J\u00fcrgen die ISS-Above in Europa ein: das Kontrollzentrum f\u00fcr die Internationale Raumstation ISS f\u00fcr den eigenen Bildschirm. Die ISS-Above k\u00f6nnen Sie im <a href=\"http:\/\/issabove.eu\" target=\"_blank\" rel=\"noopener\">europ\u00e4ischen Online-Shop<\/a> direkt bestellen. Gerne entwickelt J\u00fcrgen gemeinsam mit Ihnen eine ma\u00dfgeschneiderte L\u00f6sung f\u00fcr Ihr Unternehmen oder Ihre Organisation. Kommen Sie gerne auf mich zu!<\/p>\n<p><a href=\"http:\/\/issabove.eu\" target=\"_blank\" rel=\"noopener\"><img loading=\"lazy\" decoding=\"async\" class=\"alignnone wp-image-27 size-full\" src=\"http:\/\/schpace.com\/wp-content\/uploads\/2018\/06\/ISS-Above_Banner.jpg\" alt=\"\" width=\"1500\" height=\"575\" srcset=\"https:\/\/schpace.com\/wp-content\/uploads\/2018\/06\/ISS-Above_Banner.jpg 1500w, https:\/\/schpace.com\/wp-content\/uploads\/2018\/06\/ISS-Above_Banner-300x115.jpg 300w, https:\/\/schpace.com\/wp-content\/uploads\/2018\/06\/ISS-Above_Banner-768x294.jpg 768w, https:\/\/schpace.com\/wp-content\/uploads\/2018\/06\/ISS-Above_Banner-1024x393.jpg 1024w\" sizes=\"auto, (max-width: 1500px) 100vw, 1500px\" \/><\/a><\/p>\n","protected":false},"excerpt":{"rendered":"<p>Herzlich Willkommen bei schpace &#8211; Ihr Experte rund um Raumfahrt und Weltraum! Schlutz Space Consulting bietet Ihnen Beratung und Dienstleistungen\u00a0zu allen Aspekten der Raumfahrt. Dr. J\u00fcrgen Schlutz ist promovierter Raumfahrtingenieur und bereits seit \u00fcber 15 Jahren in der Raumfahrt aktiv. Er hat\u00a0von Satellitenprojekten und Experimenten auf H\u00f6henforschungsraketen \u00fcber Projektbegleitung und internationale Arbeitsgruppen bis hin zu [&hellip;]<\/p>\n","protected":false},"author":1,"featured_media":39,"parent":0,"menu_order":0,"comment_status":"closed","ping_status":"closed","template":"","meta":{"jetpack_post_was_ever_published":false,"footnotes":""},"class_list":["post-25","page","type-page","status-publish","has-post-thumbnail","hentry"],"jetpack_shortlink":"https:\/\/wp.me\/Pa0lYL-p","jetpack_sharing_enabled":true,"_links":{"self":[{"href":"https:\/\/schpace.com\/index.php?rest_route=\/wp\/v2\/pages\/25","targetHints":{"allow":["GET"]}}],"collection":[{"href":"https:\/\/schpace.com\/index.php?rest_route=\/wp\/v2\/pages"}],"about":[{"href":"https:\/\/schpace.com\/index.php?rest_route=\/wp\/v2\/types\/page"}],"author":[{"embeddable":true,"href":"https:\/\/schpace.com\/index.php?rest_route=\/wp\/v2\/users\/1"}],"replies":[{"embeddable":true,"href":"https:\/\/schpace.com\/index.php?rest_route=%2Fwp%2Fv2%2Fcomments&post=25"}],"version-history":[{"count":4,"href":"https:\/\/schpace.com\/index.php?rest_route=\/wp\/v2\/pages\/25\/revisions"}],"predecessor-version":[{"id":30,"href":"https:\/\/schpace.com\/index.php?rest_route=\/wp\/v2\/pages\/25\/revisions\/30"}],"wp:featuredmedia":[{"embeddable":true,"href":"https:\/\/schpace.com\/index.php?rest_route=\/wp\/v2\/media\/39"}],"wp:attachment":[{"href":"https:\/\/schpace.com\/index.php?rest_route=%2Fwp%2Fv2%2Fmedia&parent=25"}],"curies":[{"name":"wp","href":"https:\/\/api.w.org\/{rel}","templated":true}]}}